{"id":11073,"date":"2024-08-16T18:30:45","date_gmt":"2024-08-16T18:30:45","guid":{"rendered":"https:\/\/olavipcars.com\/?page_id=11073"},"modified":"2026-01-31T08:52:20","modified_gmt":"2026-01-31T07:52:20","slug":"imprint","status":"publish","type":"page","link":"https:\/\/olavipcars.com\/de\/imprint\/","title":{"rendered":"IMPRESSUM"},"content":{"rendered":"<div data-elementor-type=\"wp-page\" data-elementor-id=\"11073\" class=\"elementor elementor-11073\" data-elementor-post-type=\"page\">\n\t\t\t\t<div class=\"elementor-element elementor-element-08518db e-flex e-con-boxed elementor-invisible e-con e-parent\" data-id=\"08518db\" data-element_type=\"container\" data-e-type=\"container\" data-settings=\"{&quot;animation&quot;:&quot;fadeIn&quot;}\">\n\t\t\t\t\t<div class=\"e-con-inner\">\n\t\t\t\t<div class=\"elementor-element elementor-element-1690a08 elementor-drop-cap-yes elementor-drop-cap-view-default elementor-widget elementor-widget-text-editor\" data-id=\"1690a08\" data-element_type=\"widget\" data-e-type=\"widget\" data-settings=\"{&quot;drop_cap&quot;:&quot;yes&quot;}\" data-widget_type=\"text-editor.default\">\n\t\t\t\t\t\t\t\t\t<h1 class=\"p1\"><span style=\"color: #000000;\"><b>Impressum und Rechtliches<\/b><b><\/b><\/span><\/h1><p class=\"p1\"><span style=\"color: #000000;\"><b>Name und Anschrift<\/b><b><\/b><\/span><\/p><p class=\"p3\"><span style=\"color: #000000;\">Ola Cars GmbH<\/span><\/p><p class=\"p3\"><span style=\"color: #000000;\">Kurf\u00fcrstendamm 195<\/span><\/p><p class=\"p3\"><span style=\"color: #000000;\">10707 Berlin<\/span><\/p><p class=\"p1\"><span style=\"color: #000000;\"><b>Kontakt<\/b><b><\/b><\/span><\/p><p class=\"p3\"><span style=\"color: #000000;\">Phone: +491788877756<\/span><\/p><p class=\"p3\"><span style=\"color: #000000;\">Managing director: Onur Emre<\/span><\/p><p class=\"p3\"><span style=\"color: #000000;\">Email: contact@olacars.com<\/span><\/p><p class=\"p1\"><span style=\"color: #000000;\"><b>Umsatzsteueridentifikationsnummer<\/b><b><\/b><\/span><\/p><p class=\"p3\"><span style=\"color: #000000;\">DE348809679<\/span><\/p><p class=\"p1\"><span style=\"color: #000000;\"><b>Pers\u00f6nlich haftende Gesellschafterin<\/b><b><\/b><\/span><\/p><p class=\"p3\"><span style=\"color: #000000;\">Ola Cars GmbH<\/span><\/p><p class=\"p1\"><span style=\"color: #000000;\"><b>Sitz der pers\u00f6nlich haftenden Gesellschafterin<\/b><b><\/b><\/span><\/p><p class=\"p3\"><span style=\"color: #000000;\">Berlin, German<\/span><\/p><p class=\"p1\"><span style=\"color: #000000;\"><b>Gesch\u00e4ftsf\u00fchrer der pers\u00f6nlich haftenden Gesellschafterin<\/b><b><\/b><\/span><\/p><p class=\"p3\"><span style=\"color: #000000;\">Onur Emre<\/span><\/p><p class=\"p1\"><span style=\"color: #000000;\"><b>Gesetz \u00fcber digitale Dienste<\/b><b><\/b><\/span><\/p><p class=\"p3\"><span style=\"color: #000000;\">OLACARS ist unter dem Gesetz \u00fcber digitale Dienste (\u201eDSA\u201c) f\u00fcr bestimmte Bereiche seines Produktangebots als Online-Plattform zu bewerten und unterliegt daher den Bestimmungen von Abschnitt 3 des DSA. Nach der Berechnung der durchschnittlichen monatlichen aktiven Nutzer unserer Dienste in \u00dcbereinstimmung mit Artikel 24 des DSA sind wir zu dem Schluss gekommen, dass die durchschnittliche Anzahl der monatlichen Nutzer unserer Dienste unter dem Schwellenwert von 45 Millionen liegt. Aus diesem Grund wird OLACARS f\u00fcr die Zwecke des DSA nicht als eine sehr gro\u00dfe Online-Plattform angesehen. Bei weiteren Fragen zu DSA wenden Sie sich an oolacars@gmail.com. Bei allen weiteren Anliegen wenden Sie sich an oolacars@gmail.com.<\/span><\/p><p class=\"p1\"><span style=\"color: #000000;\"><b>INTEGRIT\u00c4TSSYSTEM<\/b><b><\/b><\/span><\/p><p class=\"p3\"><span style=\"color: #000000;\">We are committed to fostering a culture of transparency and open communication. Please report any concerns you have regarding a possible violation of law by OLACARS or one of OLACARS\u2019s direct or indirect suppliers.<\/span><\/p>\t\t\t\t\t\t\t\t<\/div>\n\t\t\t\t\t<\/div>\n\t\t\t\t<\/div>\n\t\t\t\t<\/div>","protected":false},"excerpt":{"rendered":"<p>IMPRINT AND LEGAL INFORMATION Name and address Ola Cars GmbH Kurf\u00fcrstendamm 195 10707 Berlin Contact Phone: +491788877756 Managing director: Onur Emre Email: contact@olacars.com VAT identification number DE348809679 Personally liable partner Ola Cars GmbH Registered office of the personally liable partner Berlin, German Managing Director of the personally liable partner Onur Emre Digital Services Act OLACARS [&hellip;]<\/p>\n","protected":false},"author":1,"featured_media":0,"parent":0,"menu_order":0,"comment_status":"closed","ping_status":"closed","template":"","meta":{"footnotes":""},"class_list":["post-11073","page","type-page","status-publish","hentry"],"_links":{"self":[{"href":"https:\/\/olavipcars.com\/de\/wp-json\/wp\/v2\/pages\/11073","targetHints":{"allow":["GET"]}}],"collection":[{"href":"https:\/\/olavipcars.com\/de\/wp-json\/wp\/v2\/pages"}],"about":[{"href":"https:\/\/olavipcars.com\/de\/wp-json\/wp\/v2\/types\/page"}],"author":[{"embeddable":true,"href":"https:\/\/olavipcars.com\/de\/wp-json\/wp\/v2\/users\/1"}],"replies":[{"embeddable":true,"href":"https:\/\/olavipcars.com\/de\/wp-json\/wp\/v2\/comments?post=11073"}],"version-history":[{"count":26,"href":"https:\/\/olavipcars.com\/de\/wp-json\/wp\/v2\/pages\/11073\/revisions"}],"predecessor-version":[{"id":25041,"href":"https:\/\/olavipcars.com\/de\/wp-json\/wp\/v2\/pages\/11073\/revisions\/25041"}],"wp:attachment":[{"href":"https:\/\/olavipcars.com\/de\/wp-json\/wp\/v2\/media?parent=11073"}],"curies":[{"name":"wp","href":"https:\/\/api.w.org\/{rel}","templated":true}]}}