{"id":25005,"date":"2026-01-31T08:44:09","date_gmt":"2026-01-31T07:44:09","guid":{"rendered":"https:\/\/www.olavipcars.com\/?page_id=25005"},"modified":"2026-01-31T08:52:40","modified_gmt":"2026-01-31T07:52:40","slug":"informations","status":"publish","type":"page","link":"https:\/\/olavipcars.com\/de\/informations\/","title":{"rendered":"Informationen"},"content":{"rendered":"<div data-elementor-type=\"wp-page\" data-elementor-id=\"25005\" class=\"elementor elementor-25005\" data-elementor-post-type=\"page\">\n\t\t\t\t<div class=\"elementor-element elementor-element-08518db e-flex e-con-boxed elementor-invisible e-con e-parent\" data-id=\"08518db\" data-element_type=\"container\" data-e-type=\"container\" data-settings=\"{&quot;animation&quot;:&quot;fadeIn&quot;}\">\n\t\t\t\t\t<div class=\"e-con-inner\">\n\t\t\t\t<div class=\"elementor-element elementor-element-1690a08 elementor-drop-cap-yes elementor-drop-cap-view-default elementor-widget elementor-widget-text-editor\" data-id=\"1690a08\" data-element_type=\"widget\" data-e-type=\"widget\" data-settings=\"{&quot;drop_cap&quot;:&quot;yes&quot;}\" data-widget_type=\"text-editor.default\">\n\t\t\t\t\t\t\t\t\t<h1><span style=\"color: #000000;\"><b>LEGAL NOTICE &amp; TERMS OF USE<\/b><b><\/b><\/span><\/h1><p class=\"p1\"><span style=\"color: #000000;\">Website: https:\/\/olacars.com<\/span><\/p><p class=\"p1\"><span style=\"color: #000000;\"><b>Definitions<\/b><b><\/b><\/span><\/p><p class=\"p1\"><span style=\"color: #000000;\"><b>Customer<\/b>: any professional or legally capable natural person within the meaning of Articles 1123 et seq. of the French Civil Code, or any legal entity, visiting the Site and subject to these terms.<\/span><\/p><p class=\"p1\"><span style=\"color: #000000;\"><b>Services<\/b>: the services provided by https:\/\/olacars.com.<\/span><\/p><p class=\"p1\"><span style=\"color: #000000;\"><b>Content<\/b>: all elements making up the information available on the Site, including text, images and videos.<\/span><\/p><p class=\"p1\"><span style=\"color: #000000;\"><b>Customer information (\u201cInformation(s)\u201d)<\/b>: all personal data that may be held by https:\/\/olacars.com to manage your account, customer relations, and for analysis\/statistical purposes.<\/span><\/p><p class=\"p1\"><span style=\"color: #000000;\"><b>User<\/b>: any Internet user connecting to and using the Site.<\/span><\/p><p class=\"p1\"><span style=\"color: #000000;\"><b>Personal information<\/b>: \u201cInformation which enables, in any form whatsoever, directly or indirectly, the identification of the natural persons to whom it applies\u201d (Article 4 of Law No. 78-17 of January 6, 1978).<\/span><\/p><p class=\"p1\"><span style=\"color: #000000;\"><b>GDPR terms<\/b>: \u201cpersonal data\u201d, \u201cdata subject\u201d, \u201csub-processor\u201d and \u201csensitive data\u201d have the meaning defined by the GDPR (Regulation (EU) 2016\/679).<\/span><\/p><p class=\"p1\"><span style=\"color: #000000;\">\u2e3b<\/span><\/p><p class=\"p1\"><span style=\"color: #000000;\"><b>1. Website presentation<\/b><b><\/b><\/span><\/p><p class=\"p1\"><span style=\"color: #000000;\">Pursuant to Article 6 of Law No. 2004-575 of June 21, 2004 for confidence in the digital economy, users of the website https:\/\/olacars.com are informed of the identity of the various parties involved in its creation and follow-up:<\/span><\/p><p class=\"p1\"><span style=\"color: #000000;\"><b>Owner<\/b>: SARL Ola Cars GmbH<\/span><\/p><p class=\"p1\"><span style=\"color: #000000;\">Share capital: \u20ac25,000<\/span><\/p><p class=\"p1\"><span style=\"color: #000000;\">VAT number: DE348809679<\/span><\/p><p class=\"p1\"><span style=\"color: #000000;\">Address: Kurf\u00fcrstendamm 195, 10707 Berlin<\/span><\/p><p class=\"p1\"><span style=\"color: #000000;\"><b>Publication manager<\/b>: Ola Cars GmbH<\/span><\/p><p class=\"p1\"><span style=\"color: #000000;\">Phone: +49 178 887 7756<\/span><\/p><p class=\"p1\"><span style=\"color: #000000;\">(The publication manager may be a natural or legal person.)<\/span><\/p><p class=\"p1\"><span style=\"color: #000000;\"><b>Webmaster<\/b>: Najmati<\/span><\/p><p class=\"p1\"><span style=\"color: #000000;\">Email: contact@najmatidigital.com<\/span><\/p><p class=\"p1\"><span style=\"color: #000000;\"><b>Hosting provider<\/b>: Automattic Inc<\/span><\/p><p class=\"p1\"><span style=\"color: #000000;\">Address: 60 29th Street #343, San Francisco, CA 94110, United States of America<\/span><\/p><p class=\"p1\"><span style=\"color: #000000;\">Phone: +999999999<\/span><\/p><p class=\"p1\"><span style=\"color: #000000;\"><b>Data Protection Officer (DPO)<\/b>: Onur Emre<\/span><\/p><p class=\"p1\"><span style=\"color: #000000;\">Email: contact@olacars.com<\/span><\/p><p class=\"p1\"><span style=\"color: #000000;\">The legal notices are taken from the template proposed by \u201cg\u00e9n\u00e9free \u00e9legal\u201d.<\/span><\/p><p class=\"p1\"><span style=\"color: #000000;\">\u2e3b<\/span><\/p><p class=\"p1\"><span style=\"color: #000000;\"><b>2. General conditions of use of the Site and services<\/b><b><\/b><\/span><\/p><p class=\"p1\"><span style=\"color: #000000;\">The Site constitutes an intellectual work protected by the provisions of the French Intellectual Property Code and applicable international regulations. The Customer may not reuse, transfer or exploit for their own account all or part of the elements or works on the Site.<\/span><\/p><p class=\"p1\"><span style=\"color: #000000;\">Use of the website https:\/\/olacars.com implies full acceptance of these terms of use. These terms may be modified or supplemented at any time; Users are therefore advised to consult them regularly.<\/span><\/p><p class=\"p1\"><span style=\"color: #000000;\">The website is normally accessible at all times. However, https:\/\/olacars.com may decide to interrupt access for technical maintenance and will endeavour to inform Users in advance of the dates and times of the intervention.<\/span><\/p><p class=\"p1\"><span style=\"color: #000000;\">The website is regularly updated by https:\/\/olacars.com. Likewise, the legal notices may be modified at any time; they remain binding on the User.<\/span><\/p><p class=\"p1\"><span style=\"color: #000000;\">\u2e3b<\/span><\/p><p class=\"p1\"><span style=\"color: #000000;\"><b>3. Description of services provided<\/b><b><\/b><\/span><\/p><p class=\"p1\"><span style=\"color: #000000;\">The website https:\/\/olacars.com is intended to provide information concerning all of the company\u2019s activities. https:\/\/olacars.com strives to provide information that is as accurate as possible. However, it cannot be held responsible for omissions, inaccuracies or failure to update information, whether caused by the company itself or by third-party partners.<\/span><\/p><p class=\"p1\"><span style=\"color: #000000;\">All information is provided for information purposes only and is subject to change. The information is not exhaustive and may have been modified since it was put online.<\/span><\/p><p class=\"p1\"><span style=\"color: #000000;\">\u2e3b<\/span><\/p><p class=\"p1\"><span style=\"color: #000000;\"><b>4. Contractual limitations on technical data<\/b><b><\/b><\/span><\/p><p class=\"p1\"><span style=\"color: #000000;\">The Site uses JavaScript technology. The website cannot be held responsible for material damage linked to use of the Site. The User undertakes to access the Site using recent, virus-free equipment and a latest-generation updated browser.<\/span><\/p><p class=\"p1\"><span style=\"color: #000000;\">The site https:\/\/olacars.com is hosted by a service provider in compliance with GDPR (Regulation (EU) 2016\/679). The aim is to provide the best possible level of accessibility. The host ensures continuity of service 24\/7 but reserves the right to interrupt hosting for the shortest possible time, in particular for maintenance, infrastructure improvements, infrastructure failure, or abnormal traffic.<\/span><\/p><p class=\"p1\"><span style=\"color: #000000;\">https:\/\/olacars.com and the host cannot be held responsible for malfunctions of the Internet network, telephone lines or equipment due to network congestion preventing access to the server.<\/span><\/p><p class=\"p1\"><span style=\"color: #000000;\">\u2e3b<\/span><\/p><p class=\"p1\"><span style=\"color: #000000;\"><b>5. Intellectual property and counterfeiting<\/b><b><\/b><\/span><\/p><p class=\"p1\"><span style=\"color: #000000;\">https:\/\/olacars.com is the owner of the intellectual property rights and holds the rights of use on all elements accessible on the Site, including texts, images, graphics, logos, videos, icons and sounds.<\/span><\/p><p class=\"p1\"><span style=\"color: #000000;\">Any reproduction, representation, modification, publication or adaptation of all or part of the Site, whatever the means or process used, is prohibited without the prior written authorization of https:\/\/olacars.com.<\/span><\/p><p class=\"p1\"><span style=\"color: #000000;\">Any unauthorized use of the Site or any of its elements will be considered counterfeiting and prosecuted in accordance with Articles L.335-2 et seq. of the French Intellectual Property Code.<\/span><\/p><p class=\"p1\"><span style=\"color: #000000;\">\u2e3b<\/span><\/p><p class=\"p1\"><span style=\"color: #000000;\"><b>6. Limitation of liability<\/b><b><\/b><\/span><\/p><p class=\"p1\"><span style=\"color: #000000;\">https:\/\/olacars.com acts as the Site editor and is responsible for the quality and accuracy of the Content it publishes.<\/span><\/p><p class=\"p1\"><span style=\"color: #000000;\">https:\/\/olacars.com cannot be held responsible for direct or indirect damage caused to the User\u2019s equipment when accessing the website, resulting from either use of equipment that does not meet the specifications in Section 4, or from a bug or incompatibility.<\/span><\/p><p class=\"p1\"><span style=\"color: #000000;\">https:\/\/olacars.com cannot be held responsible for indirect damages (such as loss of market or loss of opportunity) resulting from use of the Site.<\/span><\/p><p class=\"p1\"><span style=\"color: #000000;\">Interactive areas (contact forms) are available to Users. https:\/\/olacars.com reserves the right to delete, without prior notice, any content posted that contravenes French legislation, in particular provisions relating to data protection. Where applicable, https:\/\/olacars.com also reserves the right to hold the user civilly and\/or criminally liable, particularly in the event of racist, insulting, defamatory or pornographic messages.<\/span><\/p><p class=\"p1\"><span style=\"color: #000000;\">\u2e3b<\/span><\/p><p class=\"p1\"><span style=\"color: #000000;\"><b>7. Personal data management<\/b><b><\/b><\/span><\/p><p class=\"p1\"><span style=\"color: #000000;\"><b>7.1 Data controller<\/b><b><\/b><\/span><\/p><p class=\"p1\"><span style=\"color: #000000;\">For Personal Data collected through creation of a User account and browsing on the Site, the data controller is: <b>Ola Cars GmbH<\/b>, represented by <b>Onur Emre<\/b>, legal representative.<\/span><\/p><p class=\"p1\"><span style=\"color: #000000;\">https:\/\/olacars.com undertakes to comply with applicable legal provisions and to take all reasonable steps to ensure that Personal Data is accurate and relevant to the purposes for which it is processed.<\/span><\/p><p class=\"p1\"><span style=\"color: #000000;\"><b>7.2 Purposes of processing<\/b><b><\/b><\/span><\/p><p class=\"p1\"><span style=\"color: #000000;\">https:\/\/olacars.com may process all or part of the data in order to:<\/span><\/p><p class=\"p1\"><span style=\"color: #000000;\">\u2022 enable browsing on the Site and manage\/trace ordered services (connection data, usage data, invoicing, order history, etc.)<\/span><\/p><p class=\"p1\"><span style=\"color: #000000;\">\u2022 prevent and combat computer fraud (hardware used, IP address, password hashed, etc.)<\/span><\/p><p class=\"p1\"><span style=\"color: #000000;\">\u2022 improve browsing on the Site (connection and usage data)<\/span><\/p><p class=\"p1\"><span style=\"color: #000000;\">\u2022 conduct optional satisfaction surveys (email address)<\/span><\/p><p class=\"p1\"><span style=\"color: #000000;\">\u2022 run communication campaigns (SMS\/email: phone number, email address)<\/span><\/p><p class=\"p1\"><span style=\"color: #000000;\">https:\/\/olacars.com does not sell personal data; it is used only for statistical and analysis purposes.<\/span><\/p><p class=\"p1\"><span style=\"color: #000000;\"><b>7.3 Rights of Users<\/b><b><\/b><\/span><\/p><p class=\"p1\"><span style=\"color: #000000;\">In accordance with GDPR, Users have:<\/span><\/p><p class=\"p1\"><span style=\"color: #000000;\">\u2022 right of access (Art. 15) and rectification (Art. 16)<\/span><\/p><p class=\"p1\"><span style=\"color: #000000;\">\u2022 right to erasure (Art. 17) under conditions provided by law<\/span><\/p><p class=\"p1\"><span style=\"color: #000000;\">\u2022 right to withdraw consent at any time (Art. 13(2)(c))<\/span><\/p><p class=\"p1\"><span style=\"color: #000000;\">\u2022 right to restriction of processing (Art. 18)<\/span><\/p><p class=\"p1\"><span style=\"color: #000000;\">\u2022 right to object (Art. 21)<\/span><\/p><p class=\"p1\"><span style=\"color: #000000;\">\u2022 right to data portability (Art. 20)<\/span><\/p><p class=\"p1\"><span style=\"color: #000000;\">\u2022 right to define instructions regarding their data after death<\/span><\/p><p class=\"p1\"><span style=\"color: #000000;\">To exercise these rights, the User may contact:<\/span><\/p><p class=\"p1\"><span style=\"color: #000000;\"><b>Ola Cars GmbH \u2013 DPO, Onur Emre<\/b><b><\/b><\/span><\/p><p class=\"p1\"><span style=\"color: #000000;\">Kurf\u00fcrstendamm 195, 10707 Berlin<\/span><\/p><p class=\"p1\"><span style=\"color: #000000;\">The User must specify the request and provide proof of identity (ID card or passport).<\/span><\/p><p class=\"p1\"><span style=\"color: #000000;\">Users may lodge a complaint with a supervisory authority, in particular the CNIL.<\/span><\/p><p class=\"p1\"><span style=\"color: #000000;\"><b>7.4 Non-disclosure and security<\/b><b><\/b><\/span><\/p><p class=\"p1\"><span style=\"color: #000000;\">https:\/\/olacars.com will not process, host or transfer Customer Information to a country outside the European Union or not recognized as adequate by the European Commission without first informing the Customer.<\/span><\/p><p class=\"p1\"><span style=\"color: #000000;\">https:\/\/olacars.com undertakes to take all necessary precautions to preserve the security of Information and prevent unauthorized access. If an incident affecting integrity or confidentiality is identified, https:\/\/olacars.com will inform the Customer as soon as possible and communicate corrective measures.<\/span><\/p><p class=\"p1\"><span style=\"color: #000000;\">https:\/\/olacars.com does not collect \u201csensitive data\u201d.<\/span><\/p><p class=\"p1\"><span style=\"color: #000000;\">Personal Data may be processed by subsidiaries and service providers (subcontractors) strictly for the purposes of this policy. Access is mainly limited to customer service agents within their responsibilities.<\/span><\/p><p class=\"p1\"><span style=\"color: #000000;\">\u2e3b<\/span><\/p><p class=\"p1\"><span style=\"color: #000000;\"><b>8. Incident notification<\/b><b><\/b><\/span><\/p><p class=\"p1\"><span style=\"color: #000000;\">No method of transmission over the Internet or electronic storage is completely secure; absolute security cannot be guaranteed. In the event of a security breach, affected users will be notified so they can take appropriate measures. Procedures comply with legal obligations at national and European levels.<\/span><\/p><p class=\"p1\"><span style=\"color: #000000;\">No personal information is published, exchanged, transferred, assigned or sold to third parties without the User\u2019s knowledge, except in the event of acquisition of https:\/\/olacars.com and its rights, in which case the purchaser would be bound by the same obligations.<\/span><\/p><p class=\"p1\"><span style=\"color: #000000;\"><b>Security measures<\/b> include firewalls, pseudonymization, encryption and passwords. Reasonable steps are taken to protect Personal Data against loss, misuse, unauthorized access, disclosure, alteration or destruction.<\/span><\/p><p class=\"p1\"><span style=\"color: #000000;\">\u2e3b<\/span><\/p><p class=\"p1\"><span style=\"color: #000000;\"><b>9. Hyperlinks, cookies and internet tags<\/b><b><\/b><\/span><\/p><p class=\"p1\"><span style=\"color: #000000;\"><b>9.0 Hyperlinks<\/b><b><\/b><\/span><\/p><p class=\"p1\"><span style=\"color: #000000;\">The Site may contain hyperlinks to other sites set up with authorization. https:\/\/olacars.com cannot verify the content of these external sites and accepts no responsibility for them.<\/span><\/p><p class=\"p1\"><span style=\"color: #000000;\"><b>9.1 Cookies<\/b><b><\/b><\/span><\/p><p class=\"p1\"><span style=\"color: #000000;\">A cookie is a small data file stored on the User\u2019s device (computer, smartphone, etc.). Cookies are used to improve the browsing experience and the services offered.<\/span><\/p><p class=\"p1\"><span style=\"color: #000000;\">Users can configure their browser to accept or reject cookies. Refusal or deletion of cookies may limit the browsing experience and certain Site functions. https:\/\/olacars.com declines responsibility for degraded functioning resulting from cookie refusal.<\/span><\/p><p class=\"p1\"><span style=\"color: #000000;\">By clicking social network icons (Twitter, Facebook, LinkedIn, Google Plus) and if cookies have been accepted, those platforms may also deposit cookies on the User\u2019s device. Users can withdraw consent at any time.<\/span><\/p><p class=\"p1\"><span style=\"color: #000000;\"><b>9.2 Internet tags<\/b><b><\/b><\/span><\/p><p class=\"p1\"><span style=\"color: #000000;\">https:\/\/olacars.com may use web beacons\/tags via analytics partners to measure traffic and Site usage. These may be hosted in a foreign country and may collect data such as IP address. The partner may produce reports and provide services related to Site usage.<\/span><\/p><p class=\"p1\"><span style=\"color: #000000;\">\u2e3b<\/span><\/p><p class=\"p1\"><span style=\"color: #000000;\"><b>10. Applicable law and jurisdiction<\/b><b><\/b><\/span><\/p><p class=\"p1\"><span style=\"color: #000000;\">Any dispute relating to the use of the website https:\/\/olacars.com is subject to <b>French law<\/b>.<\/span><\/p><p class=\"p1\"><span style=\"color: #000000;\">Except where prohibited by law, exclusive jurisdiction is granted to the competent courts of <b>BERLIN<\/b>.<\/span><\/p>\t\t\t\t\t\t\t\t<\/div>\n\t\t\t\t\t<\/div>\n\t\t\t\t<\/div>\n\t\t\t\t<\/div>","protected":false},"excerpt":{"rendered":"<p>LEGAL NOTICE &amp; TERMS OF USE Website: https:\/\/olacars.com Definitions Customer: any professional or legally capable natural person within the meaning of Articles 1123 et seq. of the French Civil Code, or any legal entity, visiting the Site and subject to these terms. Services: the services provided by https:\/\/olacars.com. Content: all elements making up the information [&hellip;]<\/p>\n","protected":false},"author":1,"featured_media":0,"parent":0,"menu_order":0,"comment_status":"closed","ping_status":"closed","template":"elementor_header_footer","meta":{"footnotes":""},"class_list":["post-25005","page","type-page","status-publish","hentry"],"_links":{"self":[{"href":"https:\/\/olavipcars.com\/de\/wp-json\/wp\/v2\/pages\/25005","targetHints":{"allow":["GET"]}}],"collection":[{"href":"https:\/\/olavipcars.com\/de\/wp-json\/wp\/v2\/pages"}],"about":[{"href":"https:\/\/olavipcars.com\/de\/wp-json\/wp\/v2\/types\/page"}],"author":[{"embeddable":true,"href":"https:\/\/olavipcars.com\/de\/wp-json\/wp\/v2\/users\/1"}],"replies":[{"embeddable":true,"href":"https:\/\/olavipcars.com\/de\/wp-json\/wp\/v2\/comments?post=25005"}],"version-history":[{"count":18,"href":"https:\/\/olavipcars.com\/de\/wp-json\/wp\/v2\/pages\/25005\/revisions"}],"predecessor-version":[{"id":25040,"href":"https:\/\/olavipcars.com\/de\/wp-json\/wp\/v2\/pages\/25005\/revisions\/25040"}],"wp:attachment":[{"href":"https:\/\/olavipcars.com\/de\/wp-json\/wp\/v2\/media?parent=25005"}],"curies":[{"name":"wp","href":"https:\/\/api.w.org\/{rel}","templated":true}]}}