{"id":11073,"date":"2024-08-16T18:30:45","date_gmt":"2024-08-16T18:30:45","guid":{"rendered":"https:\/\/olavipcars.com\/?page_id=11073"},"modified":"2026-01-31T08:52:20","modified_gmt":"2026-01-31T07:52:20","slug":"imprint","status":"publish","type":"page","link":"https:\/\/olavipcars.com\/fr\/imprint\/","title":{"rendered":"Mentions l\u00e9gales"},"content":{"rendered":"<div data-elementor-type=\"wp-page\" data-elementor-id=\"11073\" class=\"elementor elementor-11073\" data-elementor-post-type=\"page\">\n\t\t\t\t<div class=\"elementor-element elementor-element-08518db e-flex e-con-boxed elementor-invisible e-con e-parent\" data-id=\"08518db\" data-element_type=\"container\" data-e-type=\"container\" data-settings=\"{&quot;animation&quot;:&quot;fadeIn&quot;}\">\n\t\t\t\t\t<div class=\"e-con-inner\">\n\t\t\t\t<div class=\"elementor-element elementor-element-1690a08 elementor-drop-cap-yes elementor-drop-cap-view-default elementor-widget elementor-widget-text-editor\" data-id=\"1690a08\" data-element_type=\"widget\" data-e-type=\"widget\" data-settings=\"{&quot;drop_cap&quot;:&quot;yes&quot;}\" data-widget_type=\"text-editor.default\">\n\t\t\t\t\t\t\t\t\t<h1 class=\"p1\"><span style=\"color: #000000;\"><b>MENTIONS L\u00c9GALES ET INFORMATIONS L\u00c9GALES<\/b><b><\/b><\/span><\/h1><p class=\"p1\"><span style=\"color: #000000;\"><b>Nom et Adresse<\/b><b><\/b><\/span><\/p><p class=\"p3\"><span style=\"color: #000000;\">Ola Cars GmbH<\/span><\/p><p class=\"p3\"><span style=\"color: #000000;\">Kurf\u00fcrstendamm 195<\/span><\/p><p class=\"p3\"><span style=\"color: #000000;\">10707 Berlin<\/span><\/p><p class=\"p1\"><span style=\"color: #000000;\"><b>Contact<\/b><b><\/b><\/span><\/p><p class=\"p3\"><span style=\"color: #000000;\">T\u00e9l\u00e9phone : +491788877756<\/span><\/p><p class=\"p3\"><span style=\"color: #000000;\">Directeur : Onur Emre<\/span><\/p><p class=\"p3\"><span style=\"color: #000000;\">Email : contact@olacars.com<\/span><\/p><p class=\"p1\"><span style=\"color: #000000;\"><b>TVA Num\u00e9ro d'Identification<\/b><b><\/b><\/span><\/p><p class=\"p3\"><span style=\"color: #000000;\">DE348809679<\/span><\/p><p class=\"p1\"><span style=\"color: #000000;\"><b>Partenaire personnellement responsable<\/b><b><\/b><\/span><\/p><p class=\"p3\"><span style=\"color: #000000;\">Ola Cars GmbH<\/span><\/p><p class=\"p1\"><span style=\"color: #000000;\"><b>Si\u00e8ge social de l'associ\u00e9 personnellement responsable<\/b><b><\/b><\/span><\/p><p class=\"p3\"><span style=\"color: #000000;\">Berlin, German<\/span><\/p><p class=\"p1\"><span style=\"color: #000000;\"><b>Directeur g\u00e9n\u00e9ral de l'associ\u00e9 personnellement responsable<\/b><b><\/b><\/span><\/p><p class=\"p3\"><span style=\"color: #000000;\">Onur Emre<\/span><\/p><p class=\"p1\"><span style=\"color: #000000;\"><b>Loi sur les services num\u00e9riques<\/b><b><\/b><\/span><\/p><p class=\"p3\"><span style=\"color: #000000;\">OLACARS est consid\u00e9r\u00e9e comme une plateforme en ligne au sens de la loi sur les services num\u00e9riques (\u00ab DSA \u00bb) pour certains domaines de son offre de produits et est donc soumise aux dispositions de l'article 3 de la DSA. Apr\u00e8s avoir calcul\u00e9 la moyenne mensuelle des utilisateurs actifs de nos services conform\u00e9ment \u00e0 l'article 24 du DSA, nous avons conclu que le nombre moyen d'utilisateurs mensuels de nos services est inf\u00e9rieur au seuil de 45 millions. Pour cette raison, OLACARS n\u2019est pas consid\u00e9r\u00e9e comme une tr\u00e8s grande plateforme en ligne aux fins du DSA. Si vous avez d'autres questions sur le DSA, veuillez contacter contact@olacars.com. Pour toute autre pr\u00e9occupation, veuillez contacter contact@olacars.com.<\/span><\/p><p class=\"p1\"><span style=\"color: #000000;\"><b>SYST\u00c8ME D'INT\u00c9GRIT\u00c9<\/b><b><\/b><\/span><\/p><p class=\"p3\"><span style=\"color: #000000;\">We are committed to fostering a culture of transparency and open communication. Please report any concerns you have regarding a possible violation of law by OLACARS or one of OLACARS\u2019s direct or indirect suppliers.<\/span><\/p>\t\t\t\t\t\t\t\t<\/div>\n\t\t\t\t\t<\/div>\n\t\t\t\t<\/div>\n\t\t\t\t<\/div>","protected":false},"excerpt":{"rendered":"<p>IMPRINT AND LEGAL INFORMATION Name and address Ola Cars GmbH Kurf\u00fcrstendamm 195 10707 Berlin Contact Phone: +491788877756 Managing director: Onur Emre Email: contact@olacars.com VAT identification number DE348809679 Personally liable partner Ola Cars GmbH Registered office of the personally liable partner Berlin, German Managing Director of the personally liable partner Onur Emre Digital Services Act OLACARS [&hellip;]<\/p>\n","protected":false},"author":1,"featured_media":0,"parent":0,"menu_order":0,"comment_status":"closed","ping_status":"closed","template":"","meta":{"footnotes":""},"class_list":["post-11073","page","type-page","status-publish","hentry"],"_links":{"self":[{"href":"https:\/\/olavipcars.com\/fr\/wp-json\/wp\/v2\/pages\/11073","targetHints":{"allow":["GET"]}}],"collection":[{"href":"https:\/\/olavipcars.com\/fr\/wp-json\/wp\/v2\/pages"}],"about":[{"href":"https:\/\/olavipcars.com\/fr\/wp-json\/wp\/v2\/types\/page"}],"author":[{"embeddable":true,"href":"https:\/\/olavipcars.com\/fr\/wp-json\/wp\/v2\/users\/1"}],"replies":[{"embeddable":true,"href":"https:\/\/olavipcars.com\/fr\/wp-json\/wp\/v2\/comments?post=11073"}],"version-history":[{"count":26,"href":"https:\/\/olavipcars.com\/fr\/wp-json\/wp\/v2\/pages\/11073\/revisions"}],"predecessor-version":[{"id":25041,"href":"https:\/\/olavipcars.com\/fr\/wp-json\/wp\/v2\/pages\/11073\/revisions\/25041"}],"wp:attachment":[{"href":"https:\/\/olavipcars.com\/fr\/wp-json\/wp\/v2\/media?parent=11073"}],"curies":[{"name":"wp","href":"https:\/\/api.w.org\/{rel}","templated":true}]}}